{"id":2895,"date":"2025-11-01T14:55:15","date_gmt":"2025-11-01T14:55:15","guid":{"rendered":"https:\/\/storeheavenllc.com\/?post_type=product&#038;p=2895"},"modified":"2025-11-01T14:58:15","modified_gmt":"2025-11-01T14:58:15","slug":"sondiko-butane-torch","status":"publish","type":"product","link":"https:\/\/storeheavenllc.com\/index.php\/product\/sondiko-butane-torch\/","title":{"rendered":"Sondiko Butane Torch"},"content":{"rendered":"<div class=\"woocommerce-tabs wc-tabs-wrapper\">\n<div id=\"tab-description\" class=\"woocommerce-Tabs-panel woocommerce-Tabs-panel--description panel entry-content wc-tab\" role=\"tabpanel\" aria-labelledby=\"tab-title-description\">\n<div class=\"woocommerce-tabs wc-tabs-wrapper\">\n<div id=\"tab-description\" class=\"woocommerce-Tabs-panel woocommerce-Tabs-panel--description panel entry-content wc-tab\" role=\"tabpanel\" aria-labelledby=\"tab-title-description\">\n<p><span class=\"a-list-item\">Safe and Durable: The safety lock prevents accidental ignition. A broad base helps to prevent it from falling over. Long angled nozzle and burn-free finger guard keep your hand safely away from the flame. We crafted our culinary torch out of professional-grade materials, providing you with a safe and easy-to-use tool.\u00a0<\/span><span class=\"a-list-item\">Refillable and Easy to Operate: Refill the kitchen torch with any brand of butane. Please note that butane gas is not included. Simply slide the security lock to open, light up with Piezo Ignition Technology. It is a portable mini torch that you can take for many outdoor activities like camping and BBQ.\u00a0<\/span><span class=\"a-list-item\">Great Versatile Gift: The cr\u00e8me br\u00fbl\u00e9e torch is ideal for caramelizing sugar atop creme brulee, glazing a baked ham, searing a steak, roasting bell peppers, melting cheese, and toasting breadcrumbs. It is also useful for lighting your fireplace, candles, or cigars, for hobbies, arts and crafts projects, jewelry making, welding, for multiple camping applications, dabs, and much more.<\/span><\/p>\n<p><span class=\"a-list-item\">Adjustable Flame and Continuous Flame Mode: Piezo Ignition Technology allows for use at any angle, even upside down with effortless one-hand operation, adjustable temperature regulator for complete control of the flame, and allows the flame temperature to reach up to 1300 \u00b0C\/2372 \u00b0F. Press the button to light the fire, turn the safety lock clockwise at the same time, then it will keep firing without your pressing. Baking, cooking is much easier.<\/span><\/p>\n<p><span class=\"a-list-item\">Fits ALL Butane Tanks: Are you still worried about not knowing which tank type to choose? Don\u2019t worry; the Sondiko kitchen butane torch fits any brand of butane gas, whether long nozzle or short nozzle! This torch can be directly modified for the long nozzle gas tank. For a gas tank with a short nozzle, add the red adapter included in the box to lengthen the nozzle, then refill the torch.<\/span><\/p>\n<\/div>\n<\/div>\n<\/div>\n<\/div>\n","protected":false},"excerpt":{"rendered":"<ol>\n<li><span class=\"a-list-item\">Safe and Durable<\/span><\/li>\n<li><span class=\"a-list-item\">Refillable and Easy to Operate<\/span><\/li>\n<li><span class=\"a-list-item\">Great Versatile Gift<\/span><\/li>\n<li><span class=\"a-list-item\">Adjustable Flame<\/span><\/li>\n<li><span class=\"a-list-item\">Fits ALL Butane Tanks<\/span><\/li>\n<\/ol>\n","protected":false},"featured_media":2983,"comment_status":"open","ping_status":"closed","template":"","meta":[],"product_brand":[],"product_cat":[303],"product_tag":[],"class_list":{"0":"post-2895","1":"product","2":"type-product","3":"status-publish","4":"has-post-thumbnail","6":"product_cat-kitchen-and-dining","8":"first","9":"instock","10":"featured","11":"shipping-taxable","12":"purchasable","13":"product-type-simple"},"_links":{"self":[{"href":"https:\/\/storeheavenllc.com\/index.php\/wp-json\/wp\/v2\/product\/2895","targetHints":{"allow":["GET"]}}],"collection":[{"href":"https:\/\/storeheavenllc.com\/index.php\/wp-json\/wp\/v2\/product"}],"about":[{"href":"https:\/\/storeheavenllc.com\/index.php\/wp-json\/wp\/v2\/types\/product"}],"replies":[{"embeddable":true,"href":"https:\/\/storeheavenllc.com\/index.php\/wp-json\/wp\/v2\/comments?post=2895"}],"version-history":[{"count":1,"href":"https:\/\/storeheavenllc.com\/index.php\/wp-json\/wp\/v2\/product\/2895\/revisions"}],"predecessor-version":[{"id":2984,"href":"https:\/\/storeheavenllc.com\/index.php\/wp-json\/wp\/v2\/product\/2895\/revisions\/2984"}],"wp:featuredmedia":[{"embeddable":true,"href":"https:\/\/storeheavenllc.com\/index.php\/wp-json\/wp\/v2\/media\/2983"}],"wp:attachment":[{"href":"https:\/\/storeheavenllc.com\/index.php\/wp-json\/wp\/v2\/media?parent=2895"}],"wp:term":[{"taxonomy":"product_brand","embeddable":true,"href":"https:\/\/storeheavenllc.com\/index.php\/wp-json\/wp\/v2\/product_brand?post=2895"},{"taxonomy":"product_cat","embeddable":true,"href":"https:\/\/storeheavenllc.com\/index.php\/wp-json\/wp\/v2\/product_cat?post=2895"},{"taxonomy":"product_tag","embeddable":true,"href":"https:\/\/storeheavenllc.com\/index.php\/wp-json\/wp\/v2\/product_tag?post=2895"}],"curies":[{"name":"wp","href":"https:\/\/api.w.org\/{rel}","templated":true}]}}